{"id":27,"date":"2022-06-24T09:47:08","date_gmt":"2022-06-24T09:47:08","guid":{"rendered":"http:\/\/3.66.156.246\/?page_id=27"},"modified":"2022-12-20T08:41:08","modified_gmt":"2022-12-20T08:41:08","slug":"otros-recursos","status":"publish","type":"page","link":"https:\/\/www.blascozumeta.com\/?page_id=27","title":{"rendered":"Recursos"},"content":{"rendered":"\n<div class=\"wp-block-columns alignwide is-layout-flex wp-container-core-columns-is-layout-9d6595d7 wp-block-columns-is-layout-flex\">\n<div class=\"wp-block-column is-layout-flow wp-block-column-is-layout-flow\">\n<div style=\"height:100px\" aria-hidden=\"true\" class=\"wp-block-spacer\"><\/div>\n<\/div>\n\n\n\n<div class=\"wp-block-column has-black-color has-text-color has-background has-link-color wp-elements-8d478d95c798136836618553cb98ae6a is-layout-flow wp-block-column-is-layout-flow\" style=\"background-color:#8dbb27;padding-top:2em;padding-right:2em;padding-bottom:2em;padding-left:2em\">\n<h2 class=\"has-text-align-center has-black-color has-text-color wp-block-heading\" id=\"single\" style=\"font-size:40px\"><strong>Recursos Descargables<\/strong><\/h2>\n\n\n\n<hr class=\"wp-block-separator has-text-color has-black-color has-alpha-channel-opacity has-black-background-color has-background is-style-wide\"\/>\n\n\n\n<ul class=\"has-normal-font-size wp-block-list\"><li>Recursos Descargables contiene documentos cient\u00edficos u otro tipo de documentos que se pueden descargar.<\/li><\/ul>\n\n\n\n<div class=\"wp-block-buttons alignfull is-horizontal is-content-justification-center is-layout-flex wp-container-core-buttons-is-layout-499968f5 wp-block-buttons-is-layout-flex\"><\/div>\n\n\n\n<div class=\"wp-block-buttons is-content-justification-center is-layout-flex wp-container-core-buttons-is-layout-e1485a7b wp-block-buttons-is-layout-flex\">\n<div class=\"wp-block-button\"><a class=\"wp-block-button__link has-white-color has-black-background-color has-text-color has-background\" href=\"https:\/\/blascozumeta.com\/?page_id=58\" style=\"padding-top:20px;padding-right:20px;padding-bottom:20px;padding-left:20px\">Recursos Descargables<\/a><\/div>\n<\/div>\n<\/div>\n\n\n\n<div class=\"wp-block-column has-white-background-color has-background has-link-color wp-elements-6adef6fd3fd24e25ce0e2a26716e578b is-layout-flow wp-block-column-is-layout-flow\" style=\"padding-top:2em;padding-right:2em;padding-bottom:2em;padding-left:2em\">\n<h2 class=\"has-text-align-center has-black-color has-text-color wp-block-heading\" id=\"family\" style=\"font-size:40px\"><strong>Glosario<\/strong><\/h2>\n\n\n\n<hr class=\"wp-block-separator has-text-color has-black-color has-alpha-channel-opacity has-black-background-color has-background is-style-wide\"\/>\n\n\n\n<ul class=\"has-black-color has-text-color has-normal-font-size wp-block-list\"><li>Con el glosario podr\u00e1s familiarizarte con la terminolog\u00eda espec\u00edfica que se utiliza en esta p\u00e1gina web.<\/li><\/ul>\n\n\n\n<div class=\"wp-block-buttons alignfull is-horizontal is-content-justification-center is-layout-flex wp-container-core-buttons-is-layout-499968f5 wp-block-buttons-is-layout-flex\"><\/div>\n\n\n\n<div class=\"wp-block-buttons is-content-justification-center is-layout-flex wp-container-core-buttons-is-layout-e1485a7b wp-block-buttons-is-layout-flex\">\n<div class=\"wp-block-button\"><a class=\"wp-block-button__link has-black-color has-text-color has-background\" href=\"https:\/\/blascozumeta.com\/?page_id=23\" style=\"background-color:#8dbb27;padding-top:20px;padding-right:20px;padding-bottom:20px;padding-left:20px\">Glosario<\/a><\/div>\n<\/div>\n<\/div>\n\n\n\n<div class=\"wp-block-column is-layout-flow wp-block-column-is-layout-flow\">\n<div style=\"height:100px\" aria-hidden=\"true\" class=\"wp-block-spacer\"><\/div>\n<\/div>\n<\/div>\n\n\n\n<div style=\"height:50px\" aria-hidden=\"true\" class=\"wp-block-spacer\"><\/div>\n\n\n\n<div class=\"wp-block-columns alignwide is-layout-flex wp-container-core-columns-is-layout-9d6595d7 wp-block-columns-is-layout-flex\">\n<div class=\"wp-block-column is-layout-flow wp-block-column-is-layout-flow\">\n<div style=\"height:100px\" aria-hidden=\"true\" class=\"wp-block-spacer\"><\/div>\n<\/div>\n\n\n\n<div class=\"wp-block-column has-white-color has-black-background-color has-text-color has-background has-link-color wp-elements-f1628266ccb69b1f1f5c2de298a93642 is-layout-flow wp-block-column-is-layout-flow\" style=\"padding-top:2em;padding-right:2em;padding-bottom:2em;padding-left:2em\">\n<h2 class=\"has-text-align-center has-white-color has-text-color wp-block-heading\" id=\"single\" style=\"font-size:40px\"><strong><strong>Bibliograf\u00eda<\/strong><\/strong><\/h2>\n\n\n\n<hr class=\"wp-block-separator has-text-color has-white-color has-alpha-channel-opacity has-white-background-color has-background is-style-wide\"\/>\n\n\n\n<ul class=\"has-white-color has-text-color has-normal-font-size wp-block-list\"><li>La bibliograf\u00eda incluye todos los textos y documentos que se han ido consultando para crear y mejorar esta p\u00e1gina web.<\/li><\/ul>\n\n\n\n<div class=\"wp-block-buttons is-horizontal is-content-justification-center is-layout-flex wp-container-core-buttons-is-layout-1891d752 wp-block-buttons-is-layout-flex\">\n<div class=\"wp-block-button\"><a class=\"wp-block-button__link has-black-color has-white-background-color has-text-color has-background\" href=\"https:\/\/blascozumeta.com\/?page_id=35\" style=\"padding-top:20px;padding-right:20px;padding-bottom:20px;padding-left:20px\">Bibliograf\u00eda<\/a><\/div>\n<\/div>\n<\/div>\n\n\n\n<div class=\"wp-block-column has-text-color has-background has-link-color wp-elements-1141eb6c13eeb1d53611f0726a76a341 is-layout-flow wp-block-column-is-layout-flow\" style=\"background-color:#8dbb27;color:#000000;padding-top:2em;padding-right:2em;padding-bottom:2em;padding-left:2em\">\n<h2 class=\"has-black-color has-text-color wp-block-heading\" id=\"family\" style=\"font-size:40px\"><strong>Comprar el Libro<\/strong><\/h2>\n\n\n\n<hr class=\"wp-block-separator has-text-color has-black-color has-alpha-channel-opacity has-black-background-color has-background is-style-wide\"\/>\n\n\n\n<ul class=\"has-black-color has-text-color has-normal-font-size wp-block-list\"><li>Si lo deseas, existe la opci\u00f3n de comprar la monograf\u00eda, publicada por Tundra Ediciones. Se trata de un libro de 564 p\u00e1ginas, tama\u00f1o 24&#215;17 cm.<\/li><\/ul>\n\n\n\n<div class=\"wp-block-buttons is-horizontal is-content-justification-center is-layout-flex wp-container-core-buttons-is-layout-1891d752 wp-block-buttons-is-layout-flex\">\n<div class=\"wp-block-button is-style-fill\"><a class=\"wp-block-button__link has-black-color has-white-background-color has-text-color has-background\" href=\"https:\/\/blascozumeta.com\/?page_id=780\" style=\"padding-top:20px;padding-right:20px;padding-bottom:20px;padding-left:20px\">Comprar el Libro<\/a><\/div>\n<\/div>\n<\/div>\n\n\n\n<div class=\"wp-block-column is-layout-flow wp-block-column-is-layout-flow\">\n<div style=\"height:100px\" aria-hidden=\"true\" class=\"wp-block-spacer\"><\/div>\n<\/div>\n<\/div>\n","protected":false},"excerpt":{"rendered":"<p>Recursos Descargables Recursos Descargables contiene documentos cient\u00edficos u otro tipo de documentos que se pueden descargar. Glosario Con el glosario podr\u00e1s familiarizarte con la terminolog\u00eda espec\u00edfica que se utiliza en esta p\u00e1gina web. Bibliograf\u00eda La bibliograf\u00eda incluye todos los textos y documentos que se han ido consultando para crear y mejorar esta p\u00e1gina web. Comprar &hellip;<\/p>\n","protected":false},"author":1,"featured_media":0,"parent":0,"menu_order":0,"comment_status":"closed","ping_status":"closed","template":"","meta":{"footnotes":""},"class_list":["post-27","page","type-page","status-publish","hentry"],"_links":{"self":[{"href":"https:\/\/www.blascozumeta.com\/index.php?rest_route=\/wp\/v2\/pages\/27","targetHints":{"allow":["GET"]}}],"collection":[{"href":"https:\/\/www.blascozumeta.com\/index.php?rest_route=\/wp\/v2\/pages"}],"about":[{"href":"https:\/\/www.blascozumeta.com\/index.php?rest_route=\/wp\/v2\/types\/page"}],"author":[{"embeddable":true,"href":"https:\/\/www.blascozumeta.com\/index.php?rest_route=\/wp\/v2\/users\/1"}],"replies":[{"embeddable":true,"href":"https:\/\/www.blascozumeta.com\/index.php?rest_route=%2Fwp%2Fv2%2Fcomments&post=27"}],"version-history":[{"count":43,"href":"https:\/\/www.blascozumeta.com\/index.php?rest_route=\/wp\/v2\/pages\/27\/revisions"}],"predecessor-version":[{"id":949,"href":"https:\/\/www.blascozumeta.com\/index.php?rest_route=\/wp\/v2\/pages\/27\/revisions\/949"}],"wp:attachment":[{"href":"https:\/\/www.blascozumeta.com\/index.php?rest_route=%2Fwp%2Fv2%2Fmedia&parent=27"}],"curies":[{"name":"wp","href":"https:\/\/api.w.org\/{rel}","templated":true}]}}