{"id":1026,"date":"2023-02-17T11:38:21","date_gmt":"2023-02-17T11:38:21","guid":{"rendered":"http:\/\/blascozumeta.com\/?page_id=1026"},"modified":"2023-02-17T12:06:19","modified_gmt":"2023-02-17T12:06:19","slug":"terminos-y-condiciones","status":"publish","type":"page","link":"https:\/\/www.blascozumeta.com\/?page_id=1026","title":{"rendered":"T\u00e9rminos y condiciones"},"content":{"rendered":"\n<h1 class=\"wp-block-heading\" style=\"padding-top:var(--wp--preset--spacing--30);padding-right:var(--wp--preset--spacing--80);padding-bottom:var(--wp--preset--spacing--30);padding-left:var(--wp--preset--spacing--80)\">T\u00e9rminos y condiciones<\/h1>\n\n\n\n<h2 class=\"wp-block-heading\" style=\"padding-top:var(--wp--preset--spacing--30);padding-right:var(--wp--preset--spacing--80);padding-bottom:var(--wp--preset--spacing--30);padding-left:var(--wp--preset--spacing--80)\">1. Informaci\u00f3n legal<\/h2>\n\n\n\n<p style=\"padding-top:var(--wp--preset--spacing--30);padding-right:var(--wp--preset--spacing--80);padding-bottom:var(--wp--preset--spacing--30);padding-left:var(--wp--preset--spacing--80)\">Las presentes disposiciones regulan el uso del servicio de la presente web de Internet (en adelante, la \u201cWeb\u201d) que la Sociedad de Ciencias Aranzadi pone a disposici\u00f3n de sus usuarios.<\/p>\n\n\n\n<p style=\"padding-top:var(--wp--preset--spacing--30);padding-right:var(--wp--preset--spacing--80);padding-bottom:var(--wp--preset--spacing--30);padding-left:var(--wp--preset--spacing--80)\">La Sociedad de Ciencias Aranzadi tiene su domicilio social sito en la Calle del Alto de Zorroaga n\u00ba 11 E-20014 Donostia \u2013 San Sebasti\u00e1n. Gipuzkoa. Espa\u00f1a. Tlf. 943 466 142 y Fax. 943 455 811. N.I.F. n\u00famero G-20059135.<\/p>\n\n\n\n<p style=\"padding-top:var(--wp--preset--spacing--30);padding-right:var(--wp--preset--spacing--80);padding-bottom:var(--wp--preset--spacing--30);padding-left:var(--wp--preset--spacing--80)\">La utilizaci\u00f3n la Web atribuye la condici\u00f3n de usuario de la Web (en adelante, el \u201cUsuario\u201d) e implica la aceptaci\u00f3n de todas las condiciones incluidas en este Aviso Legal. La prestaci\u00f3n del servicio de la Web tiene una duraci\u00f3n limitada al momento en el que el Usuario se encuentre conectado a la misma. Por tanto, el Usuario debe leer atentamente el presente Aviso Legal en cada una de las ocasiones en que se proponga utilizar la Web, ya que \u00e9ste y sus condiciones de uso recogidas en el presente Aviso Legal pueden sufrir modificaciones.<\/p>\n\n\n\n<h2 class=\"wp-block-heading\" style=\"padding-top:var(--wp--preset--spacing--30);padding-right:var(--wp--preset--spacing--80);padding-bottom:var(--wp--preset--spacing--30);padding-left:var(--wp--preset--spacing--80)\">2. Derechos de Propiedad intelectual e industrial<\/h2>\n\n\n\n<p style=\"padding-top:var(--wp--preset--spacing--30);padding-right:var(--wp--preset--spacing--80);padding-bottom:var(--wp--preset--spacing--30);padding-left:var(--wp--preset--spacing--80)\">Todos los contenidos de esta Web, entendiendo por estos a t\u00edtulo meramente enunciativo los textos, fotos, gr\u00e1ficos, im\u00e1genes, iconos, links y cualquiera otros contenidos audiovisuales o sonoros, as\u00ed como su dise\u00f1o gr\u00e1fico y c\u00f3digos fuente (en adelante, los \u201cContenidos\u201d), son propiedad intelectual de la Sociedad de Ciencias Aranzadi o de terceros, sin que puedan entenderse cedidos al Usuario ninguno de los derechos de explotaci\u00f3n sobre los mismos m\u00e1s all\u00e1 de lo estrictamente necesario para el correcto uso de la Web.<\/p>\n\n\n\n<p style=\"padding-top:var(--wp--preset--spacing--30);padding-right:var(--wp--preset--spacing--80);padding-bottom:var(--wp--preset--spacing--30);padding-left:var(--wp--preset--spacing--80)\">Las marcas, nombres comerciales o signos distintivos son titularidad de la Sociedad de Ciencias Aranzadi o terceros, sin que pueda entenderse que el acceso a la Web atribuya ning\u00fan derecho sobre las citadas marcas, nombres comerciales y\/o signos distintivos.<\/p>\n\n\n\n<h2 class=\"wp-block-heading\" style=\"padding-top:var(--wp--preset--spacing--30);padding-right:var(--wp--preset--spacing--80);padding-bottom:var(--wp--preset--spacing--30);padding-left:var(--wp--preset--spacing--80)\">3. Condiciones de uso de la Web<\/h2>\n\n\n\n<h3 class=\"wp-block-heading\" style=\"padding-top:var(--wp--preset--spacing--30);padding-right:var(--wp--preset--spacing--80);padding-bottom:var(--wp--preset--spacing--30);padding-left:var(--wp--preset--spacing--80)\">A.- Sobre el Uso<\/h3>\n\n\n\n<p style=\"padding-top:var(--wp--preset--spacing--30);padding-right:var(--wp--preset--spacing--80);padding-bottom:var(--wp--preset--spacing--30);padding-left:var(--wp--preset--spacing--80)\">El Usuario se obliga a hacer un uso correcto de la Web de conformidad con la Ley y el presente Aviso Legal. El Usuario responder\u00e1 frente la Sociedad de Ciencias Aranzadi o frente a terceros, de cualesquiera da\u00f1os y perjuicios que pudieran causarse como consecuencia del incumplimiento de dicha obligaci\u00f3n.<\/p>\n\n\n\n<p style=\"padding-top:var(--wp--preset--spacing--30);padding-right:var(--wp--preset--spacing--80);padding-bottom:var(--wp--preset--spacing--30);padding-left:var(--wp--preset--spacing--80)\">Queda expresamente prohibido el uso de la Web con fines lesivos de bienes o intereses la Sociedad de Ciencias Aranzadi o de terceros o que de cualquier otra forma sobrecarguen, da\u00f1en o inutilicen las redes, servidores y dem\u00e1s equipos inform\u00e1ticos (hardware) o productos y aplicaciones inform\u00e1ticas (software) de la Sociedad de Ciencias Aranzadi o de terceros.<\/p>\n\n\n\n<h3 class=\"wp-block-heading\" style=\"padding-top:var(--wp--preset--spacing--30);padding-right:var(--wp--preset--spacing--80);padding-bottom:var(--wp--preset--spacing--30);padding-left:var(--wp--preset--spacing--80)\">B.- Sobre los Contenidos<\/h3>\n\n\n\n<p style=\"padding-top:var(--wp--preset--spacing--30);padding-right:var(--wp--preset--spacing--80);padding-bottom:var(--wp--preset--spacing--30);padding-left:var(--wp--preset--spacing--80)\">El Usuario se compromete a utilizar los Contenidos de conformidad con la Ley y el presente Aviso Legal, as\u00ed como con las dem\u00e1s condiciones, reglamentos e instrucciones que en su caso pudieran ser de aplicaci\u00f3n de conformidad con lo dispuesto en el apartado 1.<\/p>\n\n\n\n<p style=\"padding-top:var(--wp--preset--spacing--30);padding-right:var(--wp--preset--spacing--80);padding-bottom:var(--wp--preset--spacing--30);padding-left:var(--wp--preset--spacing--80)\">Con car\u00e1cter meramente enunciativo, el Usuario de acuerdo con la legislaci\u00f3n vigente deber\u00e1 abstenerse de:<\/p>\n\n\n\n<ul class=\"wp-block-list\" style=\"padding-top:var(--wp--preset--spacing--30);padding-right:var(--wp--preset--spacing--80);padding-bottom:var(--wp--preset--spacing--30);padding-left:var(--wp--preset--spacing--80)\">\n<li>Reproducir, copiar, distribuir, poner a disposici\u00f3n, comunicar p\u00fablicamente, transformar o modificar los Contenidos salvo en los casos autorizados en la ley o expresamente consentidos por la Sociedad de Ciencias Aranzadi o por quien ostente la titularidad de los derechos de explotaci\u00f3n en su caso.<\/li>\n\n\n\n<li>Reproducir o copiar para uso privado los Contenidos que puedan ser considerados como Software o Base de Datos de conformidad con la legislaci\u00f3n vigente en materia de propiedad intelectual, as\u00ed como su comunicaci\u00f3n p\u00fablica o puesta a disposici\u00f3n de terceros cuando estos actos impliquen necesariamente la reproducci\u00f3n por parte del Usuario o de un tercero.<\/li>\n\n\n\n<li>Extraer y\/o reutilizar la totalidad o una parte sustancial de los Contenidos integrantes de la Web as\u00ed como de las bases de datos que la Sociedad de Ciencias Aranzadi ponga a disposici\u00f3n de los Usuarios.<\/li>\n<\/ul>\n\n\n\n<h2 class=\"wp-block-heading\" style=\"padding-top:var(--wp--preset--spacing--30);padding-right:var(--wp--preset--spacing--80);padding-bottom:var(--wp--preset--spacing--30);padding-left:var(--wp--preset--spacing--80)\">4. Exclusi\u00f3n de responsabilidad<\/h2>\n\n\n\n<h3 class=\"wp-block-heading\" style=\"padding-top:var(--wp--preset--spacing--30);padding-right:var(--wp--preset--spacing--80);padding-bottom:var(--wp--preset--spacing--30);padding-left:var(--wp--preset--spacing--80)\">A.- De los servicios.<\/h3>\n\n\n\n<p style=\"padding-top:var(--wp--preset--spacing--30);padding-right:var(--wp--preset--spacing--80);padding-bottom:var(--wp--preset--spacing--30);padding-left:var(--wp--preset--spacing--80)\">El acceso a la Web no implica la obligaci\u00f3n por parte de la Sociedad de Ciencias Aranzadi de controlar la ausencia de virus o cualquiera otro programa o sistema da\u00f1ino. Correspondiendo al Usuario la disponibilidad de herramientas adecuadas para la detecci\u00f3n y desinfecci\u00f3n de programas inform\u00e1ticos da\u00f1inos.<\/p>\n\n\n\n<p style=\"padding-top:var(--wp--preset--spacing--30);padding-right:var(--wp--preset--spacing--80);padding-bottom:var(--wp--preset--spacing--30);padding-left:var(--wp--preset--spacing--80)\">La Sociedad de Ciencias Aranzadi no se responsabiliza de los da\u00f1os producidos en los equipos inform\u00e1ticos de los Usuarios o de terceros durante la prestaci\u00f3n del servicio de la Web.<\/p>\n\n\n\n<h3 class=\"wp-block-heading\" style=\"padding-top:var(--wp--preset--spacing--30);padding-right:var(--wp--preset--spacing--80);padding-bottom:var(--wp--preset--spacing--30);padding-left:var(--wp--preset--spacing--80)\">B.- De la disponibilidad de la Web.<\/h3>\n\n\n\n<p style=\"padding-top:var(--wp--preset--spacing--30);padding-right:var(--wp--preset--spacing--80);padding-bottom:var(--wp--preset--spacing--30);padding-left:var(--wp--preset--spacing--80)\">El acceso a la Web requiere de servicios y suministros de terceros, incluidos el transporte a trav\u00e9s de redes de telecomunicaciones cuya fiabilidad, calidad, continuidad y funcionamiento no corresponde a la Sociedad de Ciencias Aranzadi. Por consiguiente, los servicios prove\u00eddos a trav\u00e9s de la Web pueden ser suspendidos, cancelados o resultar inaccesibles para los Usuarios.<\/p>\n\n\n\n<p style=\"padding-top:var(--wp--preset--spacing--30);padding-right:var(--wp--preset--spacing--80);padding-bottom:var(--wp--preset--spacing--30);padding-left:var(--wp--preset--spacing--80)\">La Sociedad de Ciencias Aranzadi no se responsabiliza de los da\u00f1os o perjuicios de cualquier tipo producidos al Usuario que traigan causa de fallos o desconexiones en las redes de telecomunicaciones que produzcan la suspensi\u00f3n, cancelaci\u00f3n o interrupci\u00f3n del servicio de la Web durante la prestaci\u00f3n del mismo o con car\u00e1cter previo.<\/p>\n","protected":false},"excerpt":{"rendered":"<p>T\u00e9rminos y condiciones 1. Informaci\u00f3n legal Las presentes disposiciones regulan el uso del servicio de la presente web de Internet (en adelante, la \u201cWeb\u201d) que la Sociedad de Ciencias Aranzadi pone a disposici\u00f3n de sus usuarios. La Sociedad de Ciencias Aranzadi tiene su domicilio social sito en la Calle del Alto de Zorroaga n\u00ba 11 &hellip;<\/p>\n","protected":false},"author":1,"featured_media":0,"parent":0,"menu_order":0,"comment_status":"closed","ping_status":"closed","template":"","meta":{"footnotes":""},"class_list":["post-1026","page","type-page","status-publish","hentry"],"_links":{"self":[{"href":"https:\/\/www.blascozumeta.com\/index.php?rest_route=\/wp\/v2\/pages\/1026","targetHints":{"allow":["GET"]}}],"collection":[{"href":"https:\/\/www.blascozumeta.com\/index.php?rest_route=\/wp\/v2\/pages"}],"about":[{"href":"https:\/\/www.blascozumeta.com\/index.php?rest_route=\/wp\/v2\/types\/page"}],"author":[{"embeddable":true,"href":"https:\/\/www.blascozumeta.com\/index.php?rest_route=\/wp\/v2\/users\/1"}],"replies":[{"embeddable":true,"href":"https:\/\/www.blascozumeta.com\/index.php?rest_route=%2Fwp%2Fv2%2Fcomments&post=1026"}],"version-history":[{"count":8,"href":"https:\/\/www.blascozumeta.com\/index.php?rest_route=\/wp\/v2\/pages\/1026\/revisions"}],"predecessor-version":[{"id":1051,"href":"https:\/\/www.blascozumeta.com\/index.php?rest_route=\/wp\/v2\/pages\/1026\/revisions\/1051"}],"wp:attachment":[{"href":"https:\/\/www.blascozumeta.com\/index.php?rest_route=%2Fwp%2Fv2%2Fmedia&parent=1026"}],"curies":[{"name":"wp","href":"https:\/\/api.w.org\/{rel}","templated":true}]}}